{"id":36,"date":"2025-02-01T18:39:21","date_gmt":"2025-02-01T17:39:21","guid":{"rendered":"http:\/\/mickmecanique.fr\/?page_id=36"},"modified":"2025-02-01T18:39:21","modified_gmt":"2025-02-01T17:39:21","slug":"mentions-legales","status":"publish","type":"page","link":"http:\/\/mickmecanique.fr\/?page_id=36","title":{"rendered":"Mentions l\u00e9gales"},"content":{"rendered":"\n<p><strong>Mentions L\u00e9gales \u2013 Mick M\u00e9canique<\/strong><\/p>\n\n\n\n<hr class=\"wp-block-separator has-alpha-channel-opacity\"\/>\n\n\n\n<h2 class=\"wp-block-heading\">1. \u00c9diteur du site<\/h2>\n\n\n\n<p><strong>Nom de l&rsquo;entreprise<\/strong> : Mick M\u00e9canique<br><strong>Forme juridique<\/strong> : Auto-entreprise<br><strong>Si\u00e8ge social<\/strong> : 24 route de la roulaie<br><strong>SIRET<\/strong> : 48259732500059<br><strong>RCS<\/strong> : Saint-Nazaire (44)<br><strong>Responsable de la publication<\/strong> : Mickael DELAFAYE<br><strong>Email<\/strong> : contact@mickmecanique.fr<br><strong>T\u00e9l\u00e9phone<\/strong> : 07.84.94.34.18<\/p>\n\n\n\n<hr class=\"wp-block-separator has-alpha-channel-opacity\"\/>\n\n\n\n<h2 class=\"wp-block-heading\">2. H\u00e9bergement du site<\/h2>\n\n\n\n<p><strong>Nom de l\u2019h\u00e9bergeur<\/strong> : OVH<br><strong>Site Web<\/strong> : www.mickmecanique.fr<\/p>\n\n\n\n<hr class=\"wp-block-separator has-alpha-channel-opacity\"\/>\n\n\n\n<h2 class=\"wp-block-heading\">3. Propri\u00e9t\u00e9 intellectuelle<\/h2>\n\n\n\n<p>Le site <strong>mickmecanique.fr<\/strong> et son contenu (textes, images, graphismes, logo, etc.) sont prot\u00e9g\u00e9s par le droit de la propri\u00e9t\u00e9 intellectuelle. Toute reproduction ou exploitation, sans autorisation \u00e9crite pr\u00e9alable, est strictement interdite.<\/p>\n\n\n\n<hr class=\"wp-block-separator has-alpha-channel-opacity\"\/>\n\n\n\n<h2 class=\"wp-block-heading\">4. Protection des donn\u00e9es personnelles<\/h2>\n\n\n\n<p>Conform\u00e9ment au <strong>R\u00e8glement G\u00e9n\u00e9ral sur la Protection des Donn\u00e9es (RGPD)<\/strong>, les informations collect\u00e9es via le formulaire de contact (nom, pr\u00e9nom, t\u00e9l\u00e9phone, e-mail) sont utilis\u00e9es uniquement pour r\u00e9pondre aux demandes des clients et ne sont <strong>ni revendues, ni transf\u00e9r\u00e9es \u00e0 des tiers<\/strong>.<\/p>\n\n\n\n<p>L\u2019utilisateur peut exercer son droit d\u2019acc\u00e8s, de rectification ou de suppression de ses donn\u00e9es en contactant :<br>\ud83d\udce9 <strong>Email<\/strong> : contact@mickmecanique.fr<br>\ud83d\udccd <strong>Adresse<\/strong> : 24 route de la roulais 44480 DONGES<\/p>\n\n\n\n<hr class=\"wp-block-separator has-alpha-channel-opacity\"\/>\n\n\n\n<h2 class=\"wp-block-heading\">5. Cookies<\/h2>\n\n\n\n<p>Le site peut utiliser des cookies pour am\u00e9liorer l\u2019exp\u00e9rience utilisateur. L\u2019utilisateur peut les accepter ou les refuser via les param\u00e8tres de son navigateur.<\/p>\n\n\n\n<hr class=\"wp-block-separator has-alpha-channel-opacity\"\/>\n\n\n\n<h2 class=\"wp-block-heading\">6. Responsabilit\u00e9<\/h2>\n\n\n\n<p>Mick M\u00e9canique s\u2019efforce d\u2019assurer l\u2019exactitude des informations sur son site, mais ne peut \u00eatre tenu responsable d\u2019\u00e9ventuelles erreurs, omissions ou indisponibilit\u00e9s temporaires du site.<\/p>\n\n\n\n<hr class=\"wp-block-separator has-alpha-channel-opacity\"\/>\n\n\n\n<h2 class=\"wp-block-heading\">7. Droit applicable<\/h2>\n\n\n\n<p>Les pr\u00e9sentes mentions l\u00e9gales sont soumises au droit fran\u00e7ais. Tout litige sera port\u00e9 devant les tribunaux comp\u00e9tents.<\/p>\n\n\n\n<hr class=\"wp-block-separator has-alpha-channel-opacity\"\/>\n","protected":false},"excerpt":{"rendered":"<p>Mentions L\u00e9gales \u2013 Mick M\u00e9canique 1. \u00c9diteur du site Nom de l&rsquo;entreprise : Mick M\u00e9caniqueForme juridique : Auto-entrepriseSi\u00e8ge social : 24 route de la roulaieSIRET : 48259732500059RCS : Saint-Nazaire (44)Responsable de la publication : Mickael DELAFAYEEmail : contact@mickmecanique.frT\u00e9l\u00e9phone : 07.84.94.34.18 2. H\u00e9bergement du site Nom de l\u2019h\u00e9bergeur : OVHSite Web : www.mickmecanique.fr 3. Propri\u00e9t\u00e9 intellectuelle [&hellip;]<\/p>\n","protected":false},"author":1,"featured_media":0,"parent":0,"menu_order":0,"comment_status":"closed","ping_status":"closed","template":"","meta":{"content-type":"","footnotes":""},"class_list":["post-36","page","type-page","status-publish","hentry"],"_links":{"self":[{"href":"http:\/\/mickmecanique.fr\/index.php?rest_route=\/wp\/v2\/pages\/36","targetHints":{"allow":["GET"]}}],"collection":[{"href":"http:\/\/mickmecanique.fr\/index.php?rest_route=\/wp\/v2\/pages"}],"about":[{"href":"http:\/\/mickmecanique.fr\/index.php?rest_route=\/wp\/v2\/types\/page"}],"author":[{"embeddable":true,"href":"http:\/\/mickmecanique.fr\/index.php?rest_route=\/wp\/v2\/users\/1"}],"replies":[{"embeddable":true,"href":"http:\/\/mickmecanique.fr\/index.php?rest_route=%2Fwp%2Fv2%2Fcomments&post=36"}],"version-history":[{"count":1,"href":"http:\/\/mickmecanique.fr\/index.php?rest_route=\/wp\/v2\/pages\/36\/revisions"}],"predecessor-version":[{"id":37,"href":"http:\/\/mickmecanique.fr\/index.php?rest_route=\/wp\/v2\/pages\/36\/revisions\/37"}],"wp:attachment":[{"href":"http:\/\/mickmecanique.fr\/index.php?rest_route=%2Fwp%2Fv2%2Fmedia&parent=36"}],"curies":[{"name":"wp","href":"https:\/\/api.w.org\/{rel}","templated":true}]}}